{"id":535,"date":"2012-05-22T00:01:23","date_gmt":"2012-05-22T00:01:23","guid":{"rendered":"http:\/\/www.petronium.com.tr\/?page_id=535"},"modified":"2021-04-19T12:46:51","modified_gmt":"2021-04-19T12:46:51","slug":"healthcare","status":"publish","type":"page","link":"http:\/\/www.petronium.com\/en\/projects\/completed-projects\/healthcare\/","title":{"rendered":"Healthcare"},"content":{"rendered":"<div class=\"adres\" style=\"background: #065880; padding-right: 50px;\">\n<table class=\"pagebg\">\n<tbody>\n<tr>\n<td width=\"60%\"><a href=\"http:\/\/www.petronium.com\/en\/project\/koru-hospital\/\">Private Koru Hospital (Photographs)<\/a><\/td>\n<td width=\"182px\">Ankara<\/td>\n<td>Turkey<\/td>\n<\/tr>\n<tr>\n<td width=\"60%\"><a href=\"http:\/\/www.petronium.com\/en\/project\/koru-hospital-project\/\">Private Koru Hospital&nbsp; (3D images)<\/a><\/td>\n<td width=\"182px\">Ankara<\/td>\n<td>Turkey<\/td>\n<\/tr>\n<tr>\n<td width=\"60%\"><a href=\"http:\/\/www.petronium.com\/en\/project\/izmir-mp-hospital\/\">\u0130zmir Medical Park Hospital<\/a><\/td>\n<td width=\"182px\">\u0130zmir<\/td>\n<td>Turkey<\/td>\n<\/tr>\n<tr>\n<td width=\"60%\"><a href=\"http:\/\/www.petronium.com\/en\/project\/istanbul-dental-clinic\/\">Istanbul Dental Clinic<\/a><\/td>\n<td width=\"182px\">Istanbul<\/td>\n<td>Turkey<\/td>\n<\/tr>\n<tr>\n<td width=\"60%\"><a href=\"http:\/\/www.petronium.com\/en\/project\/yenikoy-dental-clinic\/\">Yenik\u00f6y Dental Clinic<\/a><\/td>\n<td width=\"182px\">Istanbul<\/td>\n<td>Turkey<\/td>\n<\/tr>\n<tr>\n<td width=\"60%\"><a href=\"http:\/\/www.petronium.com\/en\/project\/dental-hospital\/\">Dental Hospital<\/a><\/td>\n<td width=\"182px\">Istanbul<\/td>\n<td>Turkey<\/td>\n<\/tr>\n<tr>\n<td width=\"60%\"><a href=\"http:\/\/www.petronium.com\/en\/project\/Dental-Clinic\/\">EF Dental Clinic<\/a><\/td>\n<td width=\"182px\">Istanbul<\/td>\n<td>Turkey<\/td>\n<\/tr>\n<tr>\n<td width=\"60%\"><a href=\"http:\/\/www.petronium.com\/en\/project\/Pharmacy\/\">Pharmacy<\/a><\/td>\n<td width=\"182px\">Istanbul<\/td>\n<td>Turkey<\/td>\n<\/tr>\n<tr>\n<td width=\"60%\"><a href=\"http:\/\/www.petronium.com\/en\/project\/private-hospital-in-ikitelli\/\"> \u0130kitelli Private Hospital<\/a><\/td>\n<td width=\"182px\">Istanbul<\/td>\n<td>Turkey<\/td>\n<\/tr>\n<tr>\n<td width=\"60%\"><a href=\"http:\/\/www.petronium.com\/en\/project\/international-hospital\/\">International Hospital<\/a><\/td>\n<td width=\"182px\">Istanbul<\/td>\n<td>Turkey<\/td>\n<\/tr>\n<tr>\n<td width=\"60%\"><a href=\"http:\/\/www.petronium.com\/en\/project\/ozel-derindere-hospital\/\">Private Derindere Hospital<\/a><\/td>\n<td width=\"182px\">Istanbul<\/td>\n<td>Turkey<\/td>\n<\/tr>\n<\/tbody>\n<\/table>\n<\/div>\n","protected":false},"excerpt":{"rendered":"<p>Private Koru Hospital (Photographs) Ankara Turkey Private Koru Hospital&nbsp; (3D images) Ankara Turkey \u0130zmir Medical Park Hospital \u0130zmir Turkey Istanbul Dental Clinic Istanbul Turkey Yenik\u00f6y Dental Clinic Istanbul Turkey Dental Hospital Istanbul Turkey EF Dental Clinic Istanbul Turkey Pharmacy Istanbul Turkey \u0130kitelli Private Hospital Istanbul Turkey International Hospital Istanbul Turkey Private Derindere Hospital Istanbul Turkey<\/p>\n","protected":false},"author":1,"featured_media":0,"parent":2493,"menu_order":0,"comment_status":"open","ping_status":"closed","template":"template-project.php","meta":[],"_links":{"self":[{"href":"http:\/\/www.petronium.com\/en\/wp-json\/wp\/v2\/pages\/535"}],"collection":[{"href":"http:\/\/www.petronium.com\/en\/wp-json\/wp\/v2\/pages"}],"about":[{"href":"http:\/\/www.petronium.com\/en\/wp-json\/wp\/v2\/types\/page"}],"author":[{"embeddable":true,"href":"http:\/\/www.petronium.com\/en\/wp-json\/wp\/v2\/users\/1"}],"replies":[{"embeddable":true,"href":"http:\/\/www.petronium.com\/en\/wp-json\/wp\/v2\/comments?post=535"}],"version-history":[{"count":53,"href":"http:\/\/www.petronium.com\/en\/wp-json\/wp\/v2\/pages\/535\/revisions"}],"predecessor-version":[{"id":5541,"href":"http:\/\/www.petronium.com\/en\/wp-json\/wp\/v2\/pages\/535\/revisions\/5541"}],"up":[{"embeddable":true,"href":"http:\/\/www.petronium.com\/en\/wp-json\/wp\/v2\/pages\/2493"}],"wp:attachment":[{"href":"http:\/\/www.petronium.com\/en\/wp-json\/wp\/v2\/media?parent=535"}],"curies":[{"name":"wp","href":"https:\/\/api.w.org\/{rel}","templated":true}]}}